{"id":364,"date":"2023-05-10T12:51:55","date_gmt":"2023-05-10T12:51:55","guid":{"rendered":"http:\/\/neoconsult.ch\/?page_id=364"},"modified":"2023-07-04T10:21:05","modified_gmt":"2023-07-04T10:21:05","slug":"coaching-collectif","status":"publish","type":"page","link":"https:\/\/neoconsult.ch\/index.php\/coaching-collectif\/","title":{"rendered":"Coaching collectif"},"content":{"rendered":"\t\t<div data-elementor-type=\"wp-page\" data-elementor-id=\"364\" class=\"elementor elementor-364\">\n\t\t\t\t\t\t\t\t\t<section class=\"elementor-section elementor-top-section elementor-element elementor-element-16d51c91 elementor-section-full_width elementor-section-height-default elementor-section-height-default\" data-id=\"16d51c91\" data-element_type=\"section\">\n\t\t\t\t\t\t<div class=\"elementor-container elementor-column-gap-default\">\n\t\t\t\t\t<div class=\"elementor-column elementor-col-100 elementor-top-column elementor-element elementor-element-c9a67c4\" data-id=\"c9a67c4\" data-element_type=\"column\">\n\t\t\t<div class=\"elementor-widget-wrap elementor-element-populated\">\n\t\t\t\t\t\t\t\t<section class=\"elementor-section elementor-inner-section elementor-element elementor-element-39d54cd0 elementor-section-full_width elementor-section-height-default elementor-section-height-default\" data-id=\"39d54cd0\" data-element_type=\"section\">\n\t\t\t\t\t\t<div class=\"elementor-container elementor-column-gap-default\">\n\t\t\t\t\t<div class=\"elementor-column elementor-col-50 elementor-inner-column elementor-element elementor-element-4b7fd93e\" data-id=\"4b7fd93e\" data-element_type=\"column\" data-settings=\"{&quot;background_background&quot;:&quot;classic&quot;}\">\n\t\t\t<div class=\"elementor-widget-wrap elementor-element-populated\">\n\t\t\t\t\t\t\t\t<div class=\"elementor-element elementor-element-5bae658c elementor-widget elementor-widget-spacer\" data-id=\"5bae658c\" data-element_type=\"widget\" data-widget_type=\"spacer.default\">\n\t\t\t\t<div class=\"elementor-widget-container\">\n\t\t\t<style>\/*! elementor - v3.12.2 - 23-04-2023 *\/\n.elementor-column .elementor-spacer-inner{height:var(--spacer-size)}.e-con{--container-widget-width:100%}.e-con-inner>.elementor-widget-spacer,.e-con>.elementor-widget-spacer{width:var(--container-widget-width,var(--spacer-size));--align-self:var(--container-widget-align-self,initial);--flex-shrink:0}.e-con-inner>.elementor-widget-spacer>.elementor-widget-container,.e-con-inner>.elementor-widget-spacer>.elementor-widget-container>.elementor-spacer,.e-con>.elementor-widget-spacer>.elementor-widget-container,.e-con>.elementor-widget-spacer>.elementor-widget-container>.elementor-spacer{height:100%}.e-con-inner>.elementor-widget-spacer>.elementor-widget-container>.elementor-spacer>.elementor-spacer-inner,.e-con>.elementor-widget-spacer>.elementor-widget-container>.elementor-spacer>.elementor-spacer-inner{height:var(--container-widget-height,var(--spacer-size))}<\/style>\t\t<div class=\"elementor-spacer\">\n\t\t\t<div class=\"elementor-spacer-inner\"><\/div>\n\t\t<\/div>\n\t\t\t\t<\/div>\n\t\t\t\t<\/div>\n\t\t\t\t\t<\/div>\n\t\t<\/div>\n\t\t\t\t<div class=\"elementor-column elementor-col-50 elementor-inner-column elementor-element elementor-element-68d53f2f\" data-id=\"68d53f2f\" data-element_type=\"column\">\n\t\t\t<div class=\"elementor-widget-wrap elementor-element-populated\">\n\t\t\t\t\t\t\t\t<div class=\"elementor-element elementor-element-7f853a69 elementor-widget elementor-widget-heading\" data-id=\"7f853a69\" data-element_type=\"widget\" data-widget_type=\"heading.default\">\n\t\t\t\t<div class=\"elementor-widget-container\">\n\t\t\t<style>\/*! elementor - v3.12.2 - 23-04-2023 *\/\n.elementor-heading-title{padding:0;margin:0;line-height:1}.elementor-widget-heading .elementor-heading-title[class*=elementor-size-]>a{color:inherit;font-size:inherit;line-height:inherit}.elementor-widget-heading .elementor-heading-title.elementor-size-small{font-size:15px}.elementor-widget-heading .elementor-heading-title.elementor-size-medium{font-size:19px}.elementor-widget-heading .elementor-heading-title.elementor-size-large{font-size:29px}.elementor-widget-heading .elementor-heading-title.elementor-size-xl{font-size:39px}.elementor-widget-heading .elementor-heading-title.elementor-size-xxl{font-size:59px}<\/style><h2 class=\"elementor-heading-title elementor-size-default\">Coaching<\/h2>\t\t<\/div>\n\t\t\t\t<\/div>\n\t\t\t\t<div class=\"elementor-element elementor-element-5e929997 elementor-widget__width-initial elementor-widget elementor-widget-heading\" data-id=\"5e929997\" data-element_type=\"widget\" data-widget_type=\"heading.default\">\n\t\t\t\t<div class=\"elementor-widget-container\">\n\t\t\t<h2 class=\"elementor-heading-title elementor-size-default\">Collectif<\/h2>\t\t<\/div>\n\t\t\t\t<\/div>\n\t\t\t\t\t<\/div>\n\t\t<\/div>\n\t\t\t\t\t\t\t<\/div>\n\t\t<\/section>\n\t\t\t\t<section class=\"elementor-section elementor-inner-section elementor-element elementor-element-6581f8af elementor-section-full_width elementor-section-height-default elementor-section-height-default\" data-id=\"6581f8af\" data-element_type=\"section\">\n\t\t\t\t\t\t<div class=\"elementor-container elementor-column-gap-default\">\n\t\t\t\t\t<div class=\"elementor-column elementor-col-50 elementor-inner-column elementor-element elementor-element-5e02063a elementor-hidden-mobile\" data-id=\"5e02063a\" data-element_type=\"column\">\n\t\t\t<div class=\"elementor-widget-wrap\">\n\t\t\t\t\t\t\t\t\t<\/div>\n\t\t<\/div>\n\t\t\t\t<div class=\"elementor-column elementor-col-50 elementor-inner-column elementor-element elementor-element-ad6f78b\" data-id=\"ad6f78b\" data-element_type=\"column\">\n\t\t\t<div class=\"elementor-widget-wrap elementor-element-populated\">\n\t\t\t\t\t\t\t\t<div class=\"elementor-element elementor-element-6662ae55 elementor-widget__width-auto elementor-view-default elementor-widget elementor-widget-icon\" data-id=\"6662ae55\" data-element_type=\"widget\" data-widget_type=\"icon.default\">\n\t\t\t\t<div class=\"elementor-widget-container\">\n\t\t\t\t\t<div class=\"elementor-icon-wrapper\">\n\t\t\t<div class=\"elementor-icon\">\n\t\t\t<svg xmlns=\"http:\/\/www.w3.org\/2000\/svg\" xmlns:xlink=\"http:\/\/www.w3.org\/1999\/xlink\" id=\"Calque_1\" x=\"0px\" y=\"0px\" viewBox=\"0 0 841.89 595.28\" style=\"enable-background:new 0 0 841.89 595.28;\" xml:space=\"preserve\"><style type=\"text\/css\">\t.st0{fill:#EE765F;}\t.st1{fill:none;stroke:#121528;stroke-width:22.4819;stroke-linecap:round;stroke-linejoin:round;stroke-miterlimit:10;}<\/style><path class=\"st0\" d=\"M440.38,440.58h113.44c11.96,0,18.9-13.53,11.92-23.24l-54.34-75.69l-59.1-82.32c-5.86-8.16-17.99-8.16-23.85,0 l-59.1,82.32l-54.34,75.69c-6.97,9.71-0.03,23.24,11.92,23.24H440.38z\"><\/path><circle class=\"st1\" cx=\"440.38\" cy=\"237.21\" r=\"82.52\"><\/circle><path class=\"st0\" d=\"M614.05,407.37h80.7c8.5,0,13.44-9.62,8.48-16.53l-38.66-53.85l-42.04-58.56c-4.17-5.8-12.8-5.8-16.96,0 l-42.04,58.56l-38.66,53.85c-4.96,6.91-0.02,16.53,8.48,16.53H614.05z\"><\/path><circle class=\"st1\" cx=\"614.05\" cy=\"262.71\" r=\"58.7\"><\/circle><path class=\"st0\" d=\"M266.7,421.41h80.7c8.5,0,13.44-9.62,8.48-16.53l-38.66-53.85l-42.04-58.56c-4.17-5.8-12.8-5.8-16.96,0 l-42.04,58.56l-38.66,53.85c-4.96,6.91-0.02,16.53,8.48,16.53H266.7z\"><\/path><circle class=\"st1\" cx=\"266.7\" cy=\"276.75\" r=\"58.7\"><\/circle><\/svg>\t\t\t<\/div>\n\t\t<\/div>\n\t\t\t\t<\/div>\n\t\t\t\t<\/div>\n\t\t\t\t<div class=\"elementor-element elementor-element-6dacbd0 elementor-widget__width-auto elementor-widget elementor-widget-heading\" data-id=\"6dacbd0\" data-element_type=\"widget\" data-widget_type=\"heading.default\">\n\t\t\t\t<div class=\"elementor-widget-container\">\n\t\t\t<h2 class=\"elementor-heading-title elementor-size-default\">Le Responsable et son \u00e9quipe d\u00e9sirant d\u00e9velopper la coop\u00e9ration et le sentiment d\u2019appartenance au sein du team.<\/h2>\t\t<\/div>\n\t\t\t\t<\/div>\n\t\t\t\t\t<\/div>\n\t\t<\/div>\n\t\t\t\t\t\t\t<\/div>\n\t\t<\/section>\n\t\t\t\t<section class=\"elementor-section elementor-inner-section elementor-element elementor-element-63513291 elementor-section-full_width elementor-section-height-default elementor-section-height-default\" data-id=\"63513291\" data-element_type=\"section\">\n\t\t\t\t\t\t<div class=\"elementor-container elementor-column-gap-default\">\n\t\t\t\t\t<div class=\"elementor-column elementor-col-50 elementor-inner-column elementor-element elementor-element-7772dfd7 elementor-hidden-mobile\" data-id=\"7772dfd7\" data-element_type=\"column\">\n\t\t\t<div class=\"elementor-widget-wrap\">\n\t\t\t\t\t\t\t\t\t<\/div>\n\t\t<\/div>\n\t\t\t\t<div class=\"elementor-column elementor-col-50 elementor-inner-column elementor-element elementor-element-274c6805\" data-id=\"274c6805\" data-element_type=\"column\">\n\t\t\t<div class=\"elementor-widget-wrap elementor-element-populated\">\n\t\t\t\t\t\t\t\t<div class=\"elementor-element elementor-element-6527c8a4 elementor-widget elementor-widget-heading\" data-id=\"6527c8a4\" data-element_type=\"widget\" data-widget_type=\"heading.default\">\n\t\t\t\t<div class=\"elementor-widget-container\">\n\t\t\t<h2 class=\"elementor-heading-title elementor-size-default\">Objectifs<\/h2>\t\t<\/div>\n\t\t\t\t<\/div>\n\t\t\t\t<div class=\"elementor-element elementor-element-9d386f4 elementor-widget elementor-widget-text-editor\" data-id=\"9d386f4\" data-element_type=\"widget\" data-widget_type=\"text-editor.default\">\n\t\t\t\t<div class=\"elementor-widget-container\">\n\t\t\t<style>\/*! elementor - v3.12.2 - 23-04-2023 *\/\n.elementor-widget-text-editor.elementor-drop-cap-view-stacked .elementor-drop-cap{background-color:#69727d;color:#fff}.elementor-widget-text-editor.elementor-drop-cap-view-framed .elementor-drop-cap{color:#69727d;border:3px solid;background-color:transparent}.elementor-widget-text-editor:not(.elementor-drop-cap-view-default) .elementor-drop-cap{margin-top:8px}.elementor-widget-text-editor:not(.elementor-drop-cap-view-default) .elementor-drop-cap-letter{width:1em;height:1em}.elementor-widget-text-editor .elementor-drop-cap{float:left;text-align:center;line-height:1;font-size:50px}.elementor-widget-text-editor .elementor-drop-cap-letter{display:inline-block}<\/style>\t\t\t\t<div>Notre mission est de vous permettre d\u2019atteindre vos objectifs de changement. Nous vous proposons d\u2019\u00e9laborer ensemble une r\u00e9ponse adapt\u00e9e en vous accompagnant avec votre \u00e9quipe et en prenant en compte vos enjeux et sp\u00e9cificit\u00e9s. Nos interventions\u00a0sur mesure\u00a0se caract\u00e9risent par une approche\u00a0dans la dur\u00e9e :<\/div><ul><li>un diagnostic pr\u00e9alable approfondi des enjeux et du profil de l\u2019\u00e9quipe,<\/li><li>la possibilit\u00e9 de d\u00e9finir avec l\u2019ensemble de l\u2019\u00e9quipe les objectifs \u00e0 atteindre dans ce travail,<\/li><li>des outils et des standards solides de dynamique d\u2019\u00e9quipe (outils psychom\u00e9triques et syst\u00e9miques),<\/li><li>des plans d\u2019actions collectifs et\/ou individuels,<\/li><li>des ateliers workshop ou des coachings individuels, si n\u00e9cessaire, pour accompagner la mise en \u0153uvre des d\u00e9cisions\/plans d\u2019actions.<\/li><\/ul>\t\t\t\t\t\t<\/div>\n\t\t\t\t<\/div>\n\t\t\t\t\t<\/div>\n\t\t<\/div>\n\t\t\t\t\t\t\t<\/div>\n\t\t<\/section>\n\t\t\t\t\t<\/div>\n\t\t<\/div>\n\t\t\t\t\t\t\t<\/div>\n\t\t<\/section>\n\t\t\t\t<section class=\"elementor-section elementor-inner-section elementor-element elementor-element-35ad340c elementor-section-full_width elementor-section-height-min-height elementor-section-height-default elementor-invisible\" data-id=\"35ad340c\" data-element_type=\"section\" data-settings=\"{&quot;animation&quot;:&quot;fadeInLeft&quot;,&quot;animation_delay&quot;:200}\">\n\t\t\t\t\t\t<div class=\"elementor-container elementor-column-gap-default\">\n\t\t\t\t\t<div class=\"elementor-column elementor-col-16 elementor-inner-column elementor-element elementor-element-284d9ea9 elementor-hidden-tablet elementor-hidden-mobile\" data-id=\"284d9ea9\" data-element_type=\"column\" data-settings=\"{&quot;background_background&quot;:&quot;classic&quot;}\">\n\t\t\t<div class=\"elementor-widget-wrap elementor-element-populated\">\n\t\t\t\t\t\t\t\t<div class=\"elementor-element elementor-element-7e518203 elementor-hidden-mobile elementor-widget elementor-widget-spacer\" data-id=\"7e518203\" data-element_type=\"widget\" data-widget_type=\"spacer.default\">\n\t\t\t\t<div class=\"elementor-widget-container\">\n\t\t\t\t\t<div class=\"elementor-spacer\">\n\t\t\t<div class=\"elementor-spacer-inner\"><\/div>\n\t\t<\/div>\n\t\t\t\t<\/div>\n\t\t\t\t<\/div>\n\t\t\t\t\t<\/div>\n\t\t<\/div>\n\t\t\t\t<div class=\"elementor-column elementor-col-16 elementor-inner-column elementor-element elementor-element-405e4590\" data-id=\"405e4590\" data-element_type=\"column\" data-settings=\"{&quot;background_background&quot;:&quot;classic&quot;}\">\n\t\t\t<div class=\"elementor-widget-wrap elementor-element-populated\">\n\t\t\t\t\t\t\t\t<div class=\"elementor-element elementor-element-e5c9b3e elementor-widget elementor-widget-text-editor\" data-id=\"e5c9b3e\" data-element_type=\"widget\" data-widget_type=\"text-editor.default\">\n\t\t\t\t<div class=\"elementor-widget-container\">\n\t\t\t\t\t\t\t<p>optimiser de mani\u00e8re durable l\u2019efficacit\u00e9 d\u2019une \u00e9quipe en impliquant plus fortement l\u2019ensemble de ses membres \u00e0 l&#8217;atteinte d&#8217;objectifs, tout en capitalisant sur leurs talents.<\/p>\t\t\t\t\t\t<\/div>\n\t\t\t\t<\/div>\n\t\t\t\t\t<\/div>\n\t\t<\/div>\n\t\t\t\t<div class=\"elementor-column elementor-col-16 elementor-inner-column elementor-element elementor-element-eca5527\" data-id=\"eca5527\" data-element_type=\"column\" data-settings=\"{&quot;background_background&quot;:&quot;classic&quot;}\">\n\t\t\t<div class=\"elementor-widget-wrap elementor-element-populated\">\n\t\t\t\t\t\t\t\t<div class=\"elementor-element elementor-element-1ecdf82b elementor-widget-tablet__width-initial elementor-widget elementor-widget-text-editor\" data-id=\"1ecdf82b\" data-element_type=\"widget\" data-widget_type=\"text-editor.default\">\n\t\t\t\t<div class=\"elementor-widget-container\">\n\t\t\t\t\t\t\t<p><span style=\"white-space: pre-wrap;\">\u00e9bloquer le fonctionnement relationnel d\u2019une \u00e9quipe en renfor\u00e7ant les liens et l&#8217;appartenance de ses membres en vue d\u2019une meilleure performance collective.<\/span><\/p>\t\t\t\t\t\t<\/div>\n\t\t\t\t<\/div>\n\t\t\t\t\t<\/div>\n\t\t<\/div>\n\t\t\t\t<div class=\"elementor-column elementor-col-16 elementor-inner-column elementor-element elementor-element-3e9df296\" data-id=\"3e9df296\" data-element_type=\"column\" data-settings=\"{&quot;background_background&quot;:&quot;classic&quot;}\">\n\t\t\t<div class=\"elementor-widget-wrap elementor-element-populated\">\n\t\t\t\t\t\t\t\t<div class=\"elementor-element elementor-element-52d94401 elementor-widget elementor-widget-text-editor\" data-id=\"52d94401\" data-element_type=\"widget\" data-widget_type=\"text-editor.default\">\n\t\t\t\t<div class=\"elementor-widget-container\">\n\t\t\t\t\t\t\t<p>stimuler la motivation d\u2019une \u00e9quipe en construction ou en transition.<\/p>\t\t\t\t\t\t<\/div>\n\t\t\t\t<\/div>\n\t\t\t\t\t<\/div>\n\t\t<\/div>\n\t\t\t\t<div class=\"elementor-column elementor-col-16 elementor-inner-column elementor-element elementor-element-4b484f40\" data-id=\"4b484f40\" data-element_type=\"column\" data-settings=\"{&quot;background_background&quot;:&quot;classic&quot;}\">\n\t\t\t<div class=\"elementor-widget-wrap elementor-element-populated\">\n\t\t\t\t\t\t\t\t<div class=\"elementor-element elementor-element-233429e5 elementor-widget elementor-widget-text-editor\" data-id=\"233429e5\" data-element_type=\"widget\" data-widget_type=\"text-editor.default\">\n\t\t\t\t<div class=\"elementor-widget-container\">\n\t\t\t\t\t\t\t<p>utiliser l&#8217;intelligence collective pour innover ensemble, trouver en groupe des solutions \u00e0 des probl\u00e8mes complexes, clarifier une strat\u00e9gie, conjuguer et aligner les valeurs d&#8217;une \u00e9quipe&#8230;<\/p>\t\t\t\t\t\t<\/div>\n\t\t\t\t<\/div>\n\t\t\t\t\t<\/div>\n\t\t<\/div>\n\t\t\t\t<div class=\"elementor-column elementor-col-16 elementor-inner-column elementor-element elementor-element-549d99eb elementor-hidden-tablet\" data-id=\"549d99eb\" data-element_type=\"column\">\n\t\t\t<div class=\"elementor-widget-wrap\">\n\t\t\t\t\t\t\t\t\t<\/div>\n\t\t<\/div>\n\t\t\t\t\t\t\t<\/div>\n\t\t<\/section>\n\t\t\t\t<section class=\"elementor-section elementor-top-section elementor-element elementor-element-d178986 elementor-section-boxed elementor-section-height-default elementor-section-height-default elementor-invisible\" data-id=\"d178986\" data-element_type=\"section\" data-settings=\"{&quot;animation&quot;:&quot;fadeInLeft&quot;}\">\n\t\t\t\t\t\t<div class=\"elementor-container elementor-column-gap-default\">\n\t\t\t\t\t<div class=\"elementor-column elementor-col-100 elementor-top-column elementor-element elementor-element-f9f6a3b\" data-id=\"f9f6a3b\" data-element_type=\"column\">\n\t\t\t<div class=\"elementor-widget-wrap elementor-element-populated\">\n\t\t\t\t\t\t\t\t<div class=\"elementor-element elementor-element-f2167dc elementor-widget__width-auto elementor-view-default elementor-widget elementor-widget-icon\" data-id=\"f2167dc\" data-element_type=\"widget\" data-widget_type=\"icon.default\">\n\t\t\t\t<div class=\"elementor-widget-container\">\n\t\t\t\t\t<div class=\"elementor-icon-wrapper\">\n\t\t\t<a class=\"elementor-icon\" href=\"http:\/\/neoconsult.ch\/wp-content\/uploads\/2023\/07\/Descriptif-bilan-dequipe.pdf\">\n\t\t\t<i aria-hidden=\"true\" class=\"fas fa-file-pdf\"><\/i>\t\t\t<\/a>\n\t\t<\/div>\n\t\t\t\t<\/div>\n\t\t\t\t<\/div>\n\t\t\t\t<div class=\"elementor-element elementor-element-1151d25 elementor-widget__width-auto elementor-widget elementor-widget-heading\" data-id=\"1151d25\" data-element_type=\"widget\" data-widget_type=\"heading.default\">\n\t\t\t\t<div class=\"elementor-widget-container\">\n\t\t\t<h2 class=\"elementor-heading-title elementor-size-default\"><a href=\"http:\/\/neoconsult.ch\/wp-content\/uploads\/2023\/07\/Descriptif-bilan-dequipe.pdf\">Descriptif formation.pdf<\/a><\/h2>\t\t<\/div>\n\t\t\t\t<\/div>\n\t\t\t\t\t<\/div>\n\t\t<\/div>\n\t\t\t\t\t\t\t<\/div>\n\t\t<\/section>\n\t\t\t\t\t\t\t<\/div>\n\t\t","protected":false},"excerpt":{"rendered":"<p>Coaching Collectif Le Responsable et son \u00e9quipe d\u00e9sirant d\u00e9velopper la coop\u00e9ration et le sentiment d\u2019appartenance au sein du team. Objectifs Notre mission est de vous permettre d\u2019atteindre vos objectifs de changement. Nous vous proposons d\u2019\u00e9laborer ensemble une r\u00e9ponse adapt\u00e9e en vous accompagnant avec votre \u00e9quipe et en prenant en compte vos enjeux et sp\u00e9cificit\u00e9s. Nos&hellip; <a class=\"more-link\" href=\"https:\/\/neoconsult.ch\/index.php\/coaching-collectif\/\">Continue reading <span class=\"screen-reader-text\">Coaching collectif<\/span><\/a><\/p>\n","protected":false},"author":1,"featured_media":0,"parent":0,"menu_order":0,"comment_status":"closed","ping_status":"closed","template":"elementor_header_footer","meta":{"footnotes":""},"class_list":["post-364","page","type-page","status-publish","hentry","entry"],"_links":{"self":[{"href":"https:\/\/neoconsult.ch\/index.php\/wp-json\/wp\/v2\/pages\/364","targetHints":{"allow":["GET"]}}],"collection":[{"href":"https:\/\/neoconsult.ch\/index.php\/wp-json\/wp\/v2\/pages"}],"about":[{"href":"https:\/\/neoconsult.ch\/index.php\/wp-json\/wp\/v2\/types\/page"}],"author":[{"embeddable":true,"href":"https:\/\/neoconsult.ch\/index.php\/wp-json\/wp\/v2\/users\/1"}],"replies":[{"embeddable":true,"href":"https:\/\/neoconsult.ch\/index.php\/wp-json\/wp\/v2\/comments?post=364"}],"version-history":[{"count":43,"href":"https:\/\/neoconsult.ch\/index.php\/wp-json\/wp\/v2\/pages\/364\/revisions"}],"predecessor-version":[{"id":629,"href":"https:\/\/neoconsult.ch\/index.php\/wp-json\/wp\/v2\/pages\/364\/revisions\/629"}],"wp:attachment":[{"href":"https:\/\/neoconsult.ch\/index.php\/wp-json\/wp\/v2\/media?parent=364"}],"curies":[{"name":"wp","href":"https:\/\/api.w.org\/{rel}","templated":true}]}}